{"id":1245,"date":"2026-05-05T15:42:38","date_gmt":"2026-05-05T15:42:38","guid":{"rendered":"https:\/\/radicalenergie.com\/?st-import=d0ff8aac267098373fb2c5a5cac3855e"},"modified":"2026-05-05T15:42:46","modified_gmt":"2026-05-05T15:42:46","slug":"home","status":"publish","type":"page","link":"https:\/\/radicalenergie.com\/","title":{"rendered":"Home"},"content":{"rendered":"\n<div class=\"wp-block-uagb-container uagb-block-259e360b alignfull uagb-is-root-container\"><div class=\"uagb-container-inner-blocks-wrap\">\n<div class=\"wp-block-uagb-info-box uagb-block-1f8d3237 uagb-infobox__content-wrap  uagb-infobox-icon-above-title uagb-infobox-image-valign-top\"><div class=\"uagb-ifb-content\"><div class=\"uagb-ifb-title-wrap\"><span class=\"uagb-ifb-title-prefix\">Transformez votre<\/span><h1 class=\"uagb-ifb-title\">Confort \u00e9nerg\u00e9tique avec Radical Energie<\/h1><\/div><p class=\"uagb-ifb-desc\">D\u00e9couvrez des solutions simples et efficaces pour am\u00e9liorer votre confort tout en r\u00e9duisant vos d\u00e9penses \u00e9nerg\u00e9tiques, accompagn\u00e9es par des professionnels qualifi\u00e9s.<\/p><div class=\"uagb-ifb-button-wrapper wp-block-button\"><a href=\"about\/\" class=\"uagb-infobox-cta-link wp-block-button__link\" target=\"_self\" rel=\"noopener noreferrer\" onclick=\"return true;\" alt=\"\"><span class=\"uagb-inline-editing\">Demandez un devis<\/span><\/a><\/div><\/div><\/div>\n\n\n\n<div class=\"wp-block-uagb-image alignleft uagb-block-440ed655 wp-block-uagb-image--layout-default wp-block-uagb-image--effect-static wp-block-uagb-image--align-left\"><figure class=\"wp-block-uagb-image__figure\"><img decoding=\"async\" srcset=\"https:\/\/radicalenergie.com\/wp-content\/uploads\/2026\/05\/pexels-photo-29206488.jpeg ,http:\/\/radicalenergie.com\/wp-content\/uploads\/2024\/02\/home-bg.jpg 780w, http:\/\/radicalenergie.com\/wp-content\/uploads\/2024\/02\/home-bg.jpg 360w\" sizes=\"auto, (max-width: 480px) 150px\" src=\"https:\/\/radicalenergie.com\/wp-content\/uploads\/2026\/05\/pexels-photo-29206488.jpeg\" alt=\"Technician working on installing solar panels on a residential rooftop during the day.\" class=\"uag-image-14\" width=\"1200\" height=\"550\" title=\"Home\" loading=\"lazy\" role=\"img\"><\/figure><\/div>\n<\/div><\/div>\n\n\n\n<div class=\"wp-block-uagb-container uagb-block-8eea1311 alignfull uagb-is-root-container\"><div class=\"uagb-container-inner-blocks-wrap\">\n<div class=\"wp-block-uagb-info-box uagb-block-cb120112 uagb-infobox__content-wrap  uagb-infobox-icon-above-title uagb-infobox-image-valign-top\"><div class=\"uagb-ifb-content\"><div class=\"uagb-ifb-title-wrap\"><span class=\"uagb-ifb-title-prefix\">Qui sommes-nous ?<\/span><h2 class=\"uagb-ifb-title\">Radical Energie : votre partenaire de confiance en r\u00e9novation \u00e9nerg\u00e9tique<\/h2><\/div><\/div><\/div>\n\n\n\n<div class=\"wp-block-uagb-info-box uagb-block-ec13a335 uagb-infobox__content-wrap  uagb-infobox-icon-above-title uagb-infobox-image-valign-top\"><div class=\"uagb-ifb-content\"><div class=\"uagb-ifb-title-wrap\"><p class=\"uagb-ifb-title-prefix\">Radical Energie est un acteur moderne et professionnel dans le secteur de la r\u00e9novation \u00e9nerg\u00e9tique. Nous nous engageons \u00e0 fournir des solutions accessibles pour am\u00e9liorer le confort des particuliers.<\/p><p class=\"uagb-ifb-title\">Nous proposons un accompagnement complet, incluant des \u00e9tudes personnalis\u00e9es et des conseils adapt\u00e9s \u00e0 chaque logement. Nos services sont reconnus pour leur efficacit\u00e9 et notre \u00e9quipe qualifi\u00e9e veille \u00e0 la satisfaction de nos clients.<\/p><\/div><p class=\"uagb-ifb-desc\">Nous sommes d\u00e9di\u00e9s \u00e0 simplifier la r\u00e9novation \u00e9nerg\u00e9tique pour tous, en rendant les d\u00e9marches claires et rassurantes.<\/p><div class=\"uagb-ifb-button-wrapper wp-block-button\"><a href=\"about\/\" class=\"uagb-infobox-cta-link wp-block-button__link\" target=\"_self\" rel=\"noopener noreferrer\" onclick=\"return true;\" alt=\"\"><span class=\"uagb-inline-editing\">En savoir plus<\/span><\/a><\/div><\/div><\/div>\n<\/div><\/div>\n\n\n\n<div class=\"wp-block-uagb-container uagb-block-698e6de9 alignfull uagb-is-root-container\"><div class=\"uagb-container-inner-blocks-wrap\">\n<div class=\"wp-block-uagb-container uagb-block-b1e1c634\">\n<div class=\"wp-block-uagb-counter uagb-block-c0e27f1c wp-block-uagb-counter--number\"><div class=\"wp-block-uagb-counter__number\"><span class=\"uagb-counter-block-number\" data-duration=\"1.5\" data-to-value=\"120\" data-from-value=\"0\" data-delimiter=\",\"><\/span><span class=\"uagb-counter-block-suffix\">+<\/span><\/div><div class=\"wp-block-uagb-counter__title\">PROJETS TERMIN\u00c9S<\/div><\/div>\n<\/div>\n\n\n\n<div class=\"wp-block-uagb-container uagb-block-cf6bab75\">\n<div class=\"wp-block-uagb-counter uagb-block-0c1d576f wp-block-uagb-counter--number\"><div class=\"wp-block-uagb-counter__number\"><span class=\"uagb-counter-block-number\" data-duration=\"1.5\" data-to-value=\"92\" data-from-value=\"0\" data-delimiter=\",\"><\/span><span class=\"uagb-counter-block-suffix\">%<\/span><\/div><div class=\"wp-block-uagb-counter__title\">CLIENTS SATISFAITS<\/div><\/div>\n<\/div>\n\n\n\n<div class=\"wp-block-uagb-container uagb-block-8858452e\">\n<div class=\"wp-block-uagb-counter uagb-block-325e445f wp-block-uagb-counter--number\"><div class=\"wp-block-uagb-counter__number\"><span class=\"uagb-counter-block-number\" data-duration=\"1.5\" data-to-value=\"87\" data-from-value=\"0\" data-delimiter=\",\"><\/span><span class=\"uagb-counter-block-suffix\">%<\/span><\/div><div class=\"wp-block-uagb-counter__title\">OBJECTIFS ATTEINTS<\/div><\/div>\n<\/div>\n\n\n\n<div class=\"wp-block-uagb-container uagb-block-f828b7fb\">\n<div class=\"wp-block-uagb-counter uagb-block-ee5c0129 wp-block-uagb-counter--number\"><div class=\"wp-block-uagb-counter__number\"><span class=\"uagb-counter-block-number\" data-duration=\"1.5\" data-to-value=\"20\" data-from-value=\"0\" data-delimiter=\",\"><\/span><span class=\"uagb-counter-block-suffix\">+<\/span><\/div><div class=\"wp-block-uagb-counter__title\">NOMBRE DE PERSONNEL<\/div><\/div>\n<\/div>\n<\/div><\/div>\n\n\n\n<div class=\"wp-block-uagb-container uagb-block-fb6e1e02 alignfull uagb-is-root-container\"><div class=\"uagb-container-inner-blocks-wrap\"><\/div><\/div>\n\n\n\n<div class=\"wp-block-uagb-container uagb-block-88915b9b alignfull uagb-is-root-container\"><div class=\"uagb-container-inner-blocks-wrap\">\n<div class=\"wp-block-uagb-info-box uagb-block-8abb1f8c uagb-infobox__content-wrap  uagb-infobox-icon-above-title uagb-infobox-image-valign-top\"><div class=\"uagb-ifb-content\"><div class=\"uagb-ifb-separator\"><\/div><div class=\"uagb-ifb-title-wrap\"><h2 class=\"uagb-ifb-title\">Nos Services de r\u00e9novation \u00e9nerg\u00e9tique<\/h2><\/div><\/div><\/div>\n\n\n\n<div class=\"wp-block-uagb-container uagb-block-47447fd8\">\n<div class=\"wp-block-uagb-container uagb-block-478ecf10\">\n<div class=\"wp-block-uagb-container uagb-block-0aa7ae77\">\n<div class=\"wp-block-uagb-info-box uagb-block-f633e1fa uagb-infobox__content-wrap  uagb-infobox-icon-above-title uagb-infobox-image-valign-top\"><div class=\"uagb-ifb-content\"><div class=\"uagb-ifb-title-wrap\"><h3 class=\"uagb-ifb-title\">Conseil \u00c9nerg\u00e9tique<\/h3><\/div><p class=\"uagb-ifb-desc\">B\u00e9n\u00e9ficiez d&rsquo;un accompagnement personnalis\u00e9 pour identifier les meilleures solutions \u00e9nerg\u00e9tiques adapt\u00e9es \u00e0 votre logement.<\/p><div class=\"uagb-ifb-button-wrapper wp-block-button\"><a href=\"\/services\/\" class=\"uagb-infobox-cta-link wp-block-button__link\" target=\"_self\" rel=\"noopener noreferrer\" onclick=\"return true;\" alt=\"\"><span class=\"uagb-inline-editing\">Lire la suite<\/span><\/a><\/div><\/div><\/div>\n<\/div>\n\n\n\n<div class=\"wp-block-uagb-container uagb-block-8e9d7ec1\">\n<div class=\"wp-block-uagb-image alignleft uagb-block-0f214b43 wp-block-uagb-image--layout-default wp-block-uagb-image--effect-static wp-block-uagb-image--align-left\"><figure class=\"wp-block-uagb-image__figure\"><img decoding=\"async\" srcset=\"https:\/\/radicalenergie.com\/wp-content\/uploads\/2026\/05\/pexels-photo-5691536.jpeg ,https:\/\/radicalenergie.com\/wp-content\/uploads\/2026\/05\/pexels-photo-5691536.jpeg 780w, https:\/\/radicalenergie.com\/wp-content\/uploads\/2026\/05\/pexels-photo-5691536.jpeg 360w\" sizes=\"auto, (max-width: 480px) 150px\" src=\"https:\/\/radicalenergie.com\/wp-content\/uploads\/2026\/05\/pexels-photo-5691536.jpeg\" alt=\"From above side view of crop anonymous male worker with ruler near radiator and windowsill in house\" class=\"uag-image-16\" width=\"384\" height=\"250\" title=\"Home\" loading=\"lazy\" role=\"img\"><\/figure><\/div>\n<\/div>\n<\/div>\n\n\n\n<div class=\"wp-block-uagb-container uagb-block-43413333\">\n<div class=\"wp-block-uagb-container uagb-block-87ab48e1\">\n<div class=\"wp-block-uagb-info-box uagb-block-92d79187 uagb-infobox__content-wrap  uagb-infobox-icon-above-title uagb-infobox-image-valign-top\"><div class=\"uagb-ifb-content\"><div class=\"uagb-ifb-title-wrap\"><h3 class=\"uagb-ifb-title\">R\u00e9novation Optimis\u00e9e<\/h3><\/div><p class=\"uagb-ifb-desc\">Profitez de services de r\u00e9novation qui am\u00e9liorent l&rsquo;efficacit\u00e9 \u00e9nerg\u00e9tique de votre maison tout en augmentant sa valeur.<\/p><div class=\"uagb-ifb-button-wrapper wp-block-button\"><a href=\"\/services\/\" class=\"uagb-infobox-cta-link wp-block-button__link\" target=\"_self\" rel=\"noopener noreferrer\" onclick=\"return true;\" alt=\"\"><span class=\"uagb-inline-editing\">Lire la suite<\/span><\/a><\/div><\/div><\/div>\n<\/div>\n\n\n\n<div class=\"wp-block-uagb-container uagb-block-4b36fee6\">\n<div class=\"wp-block-uagb-image alignleft uagb-block-9e5313f1 wp-block-uagb-image--layout-default wp-block-uagb-image--effect-static wp-block-uagb-image--align-left\"><figure class=\"wp-block-uagb-image__figure\"><img decoding=\"async\" srcset=\"https:\/\/radicalenergie.com\/wp-content\/uploads\/2026\/05\/pexels-photo-8853508.jpeg ,https:\/\/radicalenergie.com\/wp-content\/uploads\/2026\/05\/pexels-photo-8853508.jpeg 780w, https:\/\/radicalenergie.com\/wp-content\/uploads\/2026\/05\/pexels-photo-8853508.jpeg 360w\" sizes=\"auto, (max-width: 480px) 150px\" src=\"https:\/\/radicalenergie.com\/wp-content\/uploads\/2026\/05\/pexels-photo-8853508.jpeg\" alt=\"A solar technician adjusts photovoltaic panels on a colorful urban rooftop.\" class=\"uag-image-17\" width=\"384\" height=\"250\" title=\"Home\" loading=\"lazy\" role=\"img\"><\/figure><\/div>\n<\/div>\n<\/div>\n\n\n\n<div class=\"wp-block-uagb-container uagb-block-a00fcbb5\">\n<div class=\"wp-block-uagb-container uagb-block-dd67e6dc\">\n<div class=\"wp-block-uagb-info-box uagb-block-2976c6a0 uagb-infobox__content-wrap  uagb-infobox-icon-above-title uagb-infobox-image-valign-top\"><div class=\"uagb-ifb-content\"><div class=\"uagb-ifb-title-wrap\"><h3 class=\"uagb-ifb-title\">Gestion Administrative<\/h3><\/div><p class=\"uagb-ifb-desc\">Nous nous occupons de toutes vos d\u00e9marches administratives pour simplifier votre exp\u00e9rience de r\u00e9novation \u00e9nerg\u00e9tique.<\/p><div class=\"uagb-ifb-button-wrapper wp-block-button\"><a href=\"\/services\/\" class=\"uagb-infobox-cta-link wp-block-button__link\" target=\"_self\" rel=\"noopener noreferrer\" onclick=\"return true;\" alt=\"\"><span class=\"uagb-inline-editing\">Lire la suite<\/span><\/a><\/div><\/div><\/div>\n<\/div>\n\n\n\n<div class=\"wp-block-uagb-container uagb-block-33a681a9\">\n<div class=\"wp-block-uagb-image alignleft uagb-block-7d22ae2b wp-block-uagb-image--layout-default wp-block-uagb-image--effect-static wp-block-uagb-image--align-left\"><figure class=\"wp-block-uagb-image__figure\"><img decoding=\"async\" srcset=\"https:\/\/radicalenergie.com\/wp-content\/uploads\/2026\/05\/pexels-photo-8978607.jpeg ,https:\/\/radicalenergie.com\/wp-content\/uploads\/2026\/05\/pexels-photo-8978607.jpeg 780w, https:\/\/radicalenergie.com\/wp-content\/uploads\/2026\/05\/pexels-photo-8978607.jpeg 360w\" sizes=\"auto, (max-width: 480px) 150px\" src=\"https:\/\/radicalenergie.com\/wp-content\/uploads\/2026\/05\/pexels-photo-8978607.jpeg\" alt=\"Two men measuring window dimensions in a bright Istanbul apartment.\" class=\"uag-image-18\" width=\"384\" height=\"250\" title=\"Home\" loading=\"lazy\" role=\"img\"><\/figure><\/div>\n<\/div>\n<\/div>\n<\/div>\n<\/div><\/div>\n\n\n\n<div class=\"wp-block-uagb-container uagb-block-1d8e81e9 alignfull uagb-is-root-container\"><div class=\"uagb-container-inner-blocks-wrap\">\n<div class=\"wp-block-uagb-info-box uagb-block-57077011 uagb-infobox__content-wrap  uagb-infobox-icon-above-title uagb-infobox-image-valign-top\"><div class=\"uagb-ifb-content\"><div class=\"uagb-ifb-separator\"><\/div><div class=\"uagb-ifb-title-wrap\"><h2 class=\"uagb-ifb-title\">Ce qui nous distingue<\/h2><\/div><\/div><\/div>\n\n\n\n<div class=\"wp-block-uagb-container uagb-block-370e976d\">\n<div class=\"wp-block-uagb-container uagb-block-f20436d4\">\n<div class=\"wp-block-uagb-info-box uagb-block-9717d7ee uagb-infobox__content-wrap  uagb-infobox-icon-above-title uagb-infobox-image-valign-top\"><div class=\"uagb-ifb-content\"><div class=\"uagb-ifb-title-wrap\"><h3 class=\"uagb-ifb-title\">Accompagnement personnalis\u00e9<\/h3><\/div><p class=\"uagb-ifb-desc\">Une \u00e9tude adapt\u00e9e \u00e0 vos besoins.<\/p><div class=\"uagb-ifb-button-wrapper wp-block-button\"><a href=\"\/contact\/\" class=\"uagb-infobox-cta-link wp-block-button__link\" target=\"_self\" rel=\"noopener noreferrer\" onclick=\"return true;\" alt=\"\"><span class=\"uagb-inline-editing\">En savoir plus<\/span><\/a><\/div><\/div><\/div>\n<\/div>\n\n\n\n<div class=\"wp-block-uagb-container uagb-block-29778f95\">\n<div class=\"wp-block-uagb-info-box uagb-block-38e15f1e uagb-infobox__content-wrap  uagb-infobox-icon-above-title uagb-infobox-image-valign-top\"><div class=\"uagb-ifb-content\"><div class=\"uagb-ifb-title-wrap\"><h3 class=\"uagb-ifb-title\">Professionnels qualifi\u00e9s<\/h3><\/div><p class=\"uagb-ifb-desc\">Installation effectu\u00e9e par des experts certifi\u00e9s.<\/p><div class=\"uagb-ifb-button-wrapper wp-block-button\"><a href=\"\/contact\/\" class=\"uagb-infobox-cta-link wp-block-button__link\" target=\"_self\" rel=\"noopener noreferrer\" onclick=\"return true;\" alt=\"\"><span class=\"uagb-inline-editing\">En savoir plus<\/span><\/a><\/div><\/div><\/div>\n<\/div>\n\n\n\n<div class=\"wp-block-uagb-container uagb-block-700f776b\">\n<div class=\"wp-block-uagb-info-box uagb-block-04fedf3d uagb-infobox__content-wrap  uagb-infobox-icon-above-title uagb-infobox-image-valign-top\"><div class=\"uagb-ifb-content\"><div class=\"uagb-ifb-title-wrap\"><h3 class=\"uagb-ifb-title\">Aides financi\u00e8res accessibles<\/h3><\/div><p class=\"uagb-ifb-desc\">Maximisez vos \u00e9conomies gr\u00e2ce aux subventions.<\/p><div class=\"uagb-ifb-button-wrapper wp-block-button\"><a href=\"\/contact\/\" class=\"uagb-infobox-cta-link wp-block-button__link\" target=\"_self\" rel=\"noopener noreferrer\" onclick=\"return true;\" alt=\"\"><span class=\"uagb-inline-editing\">En savoir plus<\/span><\/a><\/div><\/div><\/div>\n<\/div>\n<\/div>\n<\/div><\/div>\n\n\n\n<div class=\"wp-block-uagb-container uagb-block-b5113caa alignfull uagb-is-root-container\"><div class=\"uagb-container-inner-blocks-wrap\">\n<div class=\"wp-block-uagb-info-box uagb-block-98d13d1e uagb-infobox__content-wrap  uagb-infobox-icon-above-title uagb-infobox-image-valign-top\"><div class=\"uagb-ifb-content\"><div class=\"uagb-ifb-separator\"><\/div><div class=\"uagb-ifb-title-wrap\"><h3 class=\"uagb-ifb-title\">T\u00e9moignages de nos clients satisfaits<\/h3><\/div><\/div><\/div>\n\n\n\n<div class=\"wp-block-uagb-container uagb-block-9425b7f5\">\n<div class=\"wp-block-uagb-container uagb-block-2a527e11\">\n<div class=\"wp-block-uagb-container uagb-block-aef5d999\">\n<div class=\"wp-block-uagb-image alignleft uagb-block-551fa87a wp-block-uagb-image--layout-default wp-block-uagb-image--effect-static wp-block-uagb-image--align-left\"><figure class=\"wp-block-uagb-image__figure\"><img decoding=\"async\" srcset=\"https:\/\/radicalenergie.com\/wp-content\/uploads\/2024\/02\/skip-testimonial-01.jpg ,https:\/\/radicalenergie.com\/wp-content\/uploads\/2024\/02\/skip-testimonial-01.jpg 780w, https:\/\/radicalenergie.com\/wp-content\/uploads\/2024\/02\/skip-testimonial-01.jpg 360w\" sizes=\"auto, (max-width: 480px) 150px\" src=\"https:\/\/radicalenergie.com\/wp-content\/uploads\/2024\/02\/skip-testimonial-01.jpg\" alt=\"Skip Testimonial 01\" class=\"uag-image-63\" width=\"100\" height=\"100\" title=\"Home\" loading=\"lazy\" role=\"img\"><\/figure><\/div>\n<\/div>\n\n\n\n<div class=\"wp-block-uagb-container uagb-block-099ecd49\">\n<div class=\"wp-block-uagb-star-rating uagb-block-75eeb14b\"><div class=\"uag-star-rating\" title=\"5\/5\"><span class=\"uag-star\">\u2605<\/span><span class=\"uag-star\">\u2605<\/span><span class=\"uag-star\">\u2605<\/span><span class=\"uag-star\">\u2605<\/span><span class=\"uag-star\">\u2605<\/span><\/div><\/div>\n\n\n\n<div class=\"wp-block-uagb-testimonial uagb-slick-carousel uagb-tm__arrow-outside uagb-block-ef8172dd uagb-post__carousel_notset uagb-post__carousel_notset-tablet uagb-post__carousel_notset-mobile\"><div class=\"is-carousel uagb-tm__columns-1 uagb-tm__items\"><div class=\"uagb-testimonial__wrap  uagb-tm__imgicon-style-circle uagb-tm__image-position-bottom uagb-tm__bg-type-none \"><div class=\"uagb-tm__content\"><div class=\"uagb-tm__overlay\"><\/div><div class=\"uagb-tm__text-wrap\"><div class=\"uagb-tm__desc\">Radical Energie a transform\u00e9 ma maison en un espace plus agr\u00e9able et \u00e9co\u00e9nerg\u00e9tique. Le processus a \u00e9t\u00e9 simple et rapide, avec une \u00e9quipe professionnelle \u00e0 chaque \u00e9tape.<\/div><div class=\"uagb-tm__meta-inner\"><div class=\"uagb-testimonial-details\"><span class=\"uagb-tm__author-name\">Pierre Martin<\/span><span class=\"uagb-tm__company\">Soci\u00e9t\u00e9 de l&rsquo;auteur du t\u00e9moignage<\/span><\/div><\/div><\/div><\/div><\/div><\/div><\/div>\n<\/div>\n<\/div>\n\n\n\n<div class=\"wp-block-uagb-container uagb-block-6659ae03\">\n<div class=\"wp-block-uagb-container uagb-block-b3cf72a0\">\n<div class=\"wp-block-uagb-image alignleft uagb-block-694a936a wp-block-uagb-image--layout-default wp-block-uagb-image--effect-static wp-block-uagb-image--align-left\"><figure class=\"wp-block-uagb-image__figure\"><img decoding=\"async\" srcset=\"https:\/\/radicalenergie.com\/wp-content\/uploads\/2024\/02\/skip-testimonial-02.jpg ,https:\/\/radicalenergie.com\/wp-content\/uploads\/2024\/02\/skip-testimonial-02.jpg 780w, https:\/\/radicalenergie.com\/wp-content\/uploads\/2024\/02\/skip-testimonial-02.jpg 360w\" sizes=\"auto, (max-width: 480px) 150px\" src=\"https:\/\/radicalenergie.com\/wp-content\/uploads\/2024\/02\/skip-testimonial-02.jpg\" alt=\"Skip Testimonial 02\" class=\"uag-image-64\" width=\"100\" height=\"100\" title=\"Home\" loading=\"lazy\" role=\"img\"><\/figure><\/div>\n<\/div>\n\n\n\n<div class=\"wp-block-uagb-container uagb-block-d9e41e5c\">\n<div class=\"wp-block-uagb-star-rating uagb-block-b862cfc6\"><div class=\"uag-star-rating\" title=\"5\/5\"><span class=\"uag-star\">\u2605<\/span><span class=\"uag-star\">\u2605<\/span><span class=\"uag-star\">\u2605<\/span><span class=\"uag-star\">\u2605<\/span><span class=\"uag-star\">\u2605<\/span><\/div><\/div>\n\n\n\n<div class=\"wp-block-uagb-testimonial uagb-slick-carousel uagb-tm__arrow-outside uagb-block-d2e8b660 uagb-post__carousel_notset uagb-post__carousel_notset-tablet uagb-post__carousel_notset-mobile\"><div class=\"is-carousel uagb-tm__columns-1 uagb-tm__items\"><div class=\"uagb-testimonial__wrap  uagb-tm__imgicon-style-circle uagb-tm__image-position-bottom uagb-tm__bg-type-none \"><div class=\"uagb-tm__content\"><div class=\"uagb-tm__overlay\"><\/div><div class=\"uagb-tm__text-wrap\"><div class=\"uagb-tm__desc\">Je suis ravie des travaux r\u00e9alis\u00e9s par Radical Energie. Ils ont su r\u00e9pondre \u00e0 mes attentes et m&rsquo;ont aid\u00e9 \u00e0 b\u00e9n\u00e9ficier des aides de l&rsquo;\u00c9tat. Un grand merci !<\/div><div class=\"uagb-tm__meta-inner\"><div class=\"uagb-testimonial-details\"><span class=\"uagb-tm__author-name\">Sophie Leroy<\/span><span class=\"uagb-tm__company\">Soci\u00e9t\u00e9 de l&rsquo;auteur du t\u00e9moignage<\/span><\/div><\/div><\/div><\/div><\/div><\/div><\/div>\n<\/div>\n<\/div>\n<\/div>\n<\/div><\/div>\n\n\n\n<div class=\"wp-block-uagb-container uagb-block-65ad5edb alignfull uagb-is-root-container\"><div class=\"uagb-container-inner-blocks-wrap\">\n<div class=\"wp-block-uagb-container uagb-block-b1e83b7a alignfull uagb-is-root-container\"><div class=\"uagb-container-inner-blocks-wrap\">\n<div class=\"wp-block-uagb-counter uagb-block-87014a3a wp-block-uagb-counter--number\"><div class=\"wp-block-uagb-counter__number\"><span class=\"uagb-counter-block-number\" data-duration=\"1.5\" data-to-value=\"93\" data-from-value=\"0\" data-delimiter=\",\"><\/span><span class=\"uagb-counter-block-suffix\">%<\/span><\/div><div class=\"wp-block-uagb-counter__title\"><\/div><\/div>\n\n\n\n<div class=\"wp-block-uagb-advanced-heading uagb-block-2d8f73e1\"><h2 class=\"uagb-heading-text\">Prenez contact d\u00e8s aujourd&rsquo;hui pour un devis gratuit<\/h2><\/div>\n\n\n\n<div class=\"wp-block-uagb-buttons uagb-buttons__outer-wrap uagb-btn__default-btn uagb-btn-tablet__default-btn uagb-btn-mobile__default-btn uagb-block-0c39ccc0\"><div class=\"uagb-buttons__wrap uagb-buttons-layout-wrap \">\n<div class=\"wp-block-uagb-buttons-child uagb-buttons__outer-wrap uagb-block-55ba2e4c wp-block-button\"><div class=\"uagb-button__wrapper\"><a class=\"uagb-buttons-repeater wp-block-button__link\" aria-label=\"\" href=\"\/contact\/\" rel=\"follow noopener\" target=\"_self\"><div class=\"uagb-button__link\">Demandez un devis<\/div><\/a><\/div><\/div>\n<\/div><\/div>\n<\/div><\/div>\n<\/div><\/div>\n","protected":false},"excerpt":{"rendered":"<p>Prenez contact d\u00e8s aujourd&rsquo;hui pour un devis gratuit<\/p>\n","protected":false},"author":1,"featured_media":0,"parent":0,"menu_order":0,"comment_status":"closed","ping_status":"closed","template":"","meta":{"_uag_custom_page_level_css":"","site-sidebar-layout":"default","site-content-layout":"","ast-site-content-layout":"normal-width-container","site-content-style":"default","site-sidebar-style":"default","ast-global-header-display":"","ast-banner-title-visibility":"","ast-main-header-display":"","ast-hfb-above-header-display":"","ast-hfb-below-header-display":"","ast-hfb-mobile-header-display":"","site-post-title":"disabled","ast-breadcrumbs-content":"","ast-featured-img":"","footer-sml-layout":"","ast-disable-related-posts":"","theme-transparent-header-meta":"default","adv-header-id-meta":"","stick-header-meta":"","header-above-stick-meta":"","header-main-stick-meta":"","header-below-stick-meta":"","astra-migrate-meta-layouts":"default","ast-page-background-enabled":"default","ast-page-background-meta":{"desktop":{"background-color":"var(--ast-global-color-4)","background-image":"","background-repeat":"repeat","background-position":"center center","background-size":"auto","background-attachment":"scroll","background-type":"","background-media":"","overlay-type":"","overlay-color":"","overlay-opacity":"","overlay-gradient":""},"tablet":{"background-color":"","background-image":"","background-repeat":"repeat","background-position":"center center","background-size":"auto","background-attachment":"scroll","background-type":"","background-media":"","overlay-type":"","overlay-color":"","overlay-opacity":"","overlay-gradient":""},"mobile":{"background-color":"","background-image":"","background-repeat":"repeat","background-position":"center center","background-size":"auto","background-attachment":"scroll","background-type":"","background-media":"","overlay-type":"","overlay-color":"","overlay-opacity":"","overlay-gradient":""}},"ast-content-background-meta":{"desktop":{"background-color":"var(--ast-global-color-5)","background-image":"","background-repeat":"repeat","background-position":"center center","background-size":"auto","background-attachment":"scroll","background-type":"","background-media":"","overlay-type":"","overlay-color":"","overlay-opacity":"","overlay-gradient":""},"tablet":{"background-color":"var(--ast-global-color-5)","background-image":"","background-repeat":"repeat","background-position":"center center","background-size":"auto","background-attachment":"scroll","background-type":"","background-media":"","overlay-type":"","overlay-color":"","overlay-opacity":"","overlay-gradient":""},"mobile":{"background-color":"var(--ast-global-color-5)","background-image":"","background-repeat":"repeat","background-position":"center center","background-size":"auto","background-attachment":"scroll","background-type":"","background-media":"","overlay-type":"","overlay-color":"","overlay-opacity":"","overlay-gradient":""}},"footnotes":""},"class_list":["post-1245","page","type-page","status-publish","hentry"],"uagb_featured_image_src":{"full":false,"thumbnail":false,"medium":false,"medium_large":false,"large":false,"1536x1536":false,"2048x2048":false},"uagb_author_info":{"display_name":"admin9098","author_link":"https:\/\/radicalenergie.com\/author\/admin9098\/"},"uagb_comment_info":0,"uagb_excerpt":"Prenez contact d\u00e8s aujourd&rsquo;hui pour un devis gratuit","_links":{"self":[{"href":"https:\/\/radicalenergie.com\/wp-json\/wp\/v2\/pages\/1245","targetHints":{"allow":["GET"]}}],"collection":[{"href":"https:\/\/radicalenergie.com\/wp-json\/wp\/v2\/pages"}],"about":[{"href":"https:\/\/radicalenergie.com\/wp-json\/wp\/v2\/types\/page"}],"author":[{"embeddable":true,"href":"https:\/\/radicalenergie.com\/wp-json\/wp\/v2\/users\/1"}],"replies":[{"embeddable":true,"href":"https:\/\/radicalenergie.com\/wp-json\/wp\/v2\/comments?post=1245"}],"version-history":[{"count":3,"href":"https:\/\/radicalenergie.com\/wp-json\/wp\/v2\/pages\/1245\/revisions"}],"predecessor-version":[{"id":1352,"href":"https:\/\/radicalenergie.com\/wp-json\/wp\/v2\/pages\/1245\/revisions\/1352"}],"wp:attachment":[{"href":"https:\/\/radicalenergie.com\/wp-json\/wp\/v2\/media?parent=1245"}],"curies":[{"name":"wp","href":"https:\/\/api.w.org\/{rel}","templated":true}]}}